{"id":989,"date":"2023-02-02T15:19:41","date_gmt":"2023-02-02T15:19:41","guid":{"rendered":"https:\/\/dataninja.nrw\/?page_id=989"},"modified":"2025-01-30T10:50:43","modified_gmt":"2025-01-30T10:50:43","slug":"impressum","status":"publish","type":"page","link":"https:\/\/dataninja.nrw\/?page_id=989","title":{"rendered":"Impressum"},"content":{"rendered":"\n<h2 class=\"wp-block-heading\">Impressum<\/h2>\n\n\n\n<p>Universit\u00e4t Bielefeld<br>Universit\u00e4tsstra\u00dfe 25<br>D-33615 Bielefeld<\/p>\n\n\n\n<p>National (0521) 106-00<br>Internat. ++49 521 106-00<\/p>\n\n\n\n<p>Telefax national (0521) 106-5844<br>Telefax internat. ++49 521 106-5844<\/p>\n\n\n\n<p>Vorwahl der Universit\u00e4t: 0521-106-\u2026<\/p>\n\n\n\n<p>E-Mail:&nbsp;<a href=\"mailto:post@uni-bielefeld.de\">post@uni-bielefeld.de<\/a><br>Internet:&nbsp;<a href=\"http:\/\/www.uni-bielefeld.de\">www.uni-bielefeld.de<\/a><\/p>\n\n\n\n<p>Die Universit\u00e4t Bielefeld ist eine vom Land getragene, rechtsf\u00e4hige K\u00f6rperschaft des \u00d6ffentlichen Rechts. Sie wird durch die Rektorin Prof. Dr. Angelika Epple vertreten.<\/p>\n\n\n\n<h3 class=\"wp-block-heading\">Zust\u00e4ndige Aufsichtsbeh\u00f6rde<\/h3>\n\n\n\n<p>Ministerium f\u00fcr Kultur und Wissenschaft des Landes Nordrhein-Westfalen<br>V\u00f6lklinger Stra\u00dfe 49<br>40221 D\u00fcsseldorf<br><strong>Umsatzsteuer-Identifikationsnummer&nbsp;<\/strong><br>gem\u00e4\u00df \u00a727a UstG<br>Umsatzsteuer-Nr.: DE811307718<br>Finanzamt Bielefeld Innenstadt<\/p>\n\n\n\n<h3 class=\"wp-block-heading\">Inhaltlich verantwortliche Person<\/h3>\n\n\n\n<p>F\u00fcr die Internetseite<strong> <\/strong><a href=\"https:\/\/dataninja.nrw\">https:\/\/dataninja.nrw<\/a><\/p>\n\n\n\n<p>Dr. Ulrike Kuhl<br>Tel:&nbsp;+49-521-106-12 125<br>E-Mail: contact@dataninja.nrw<\/p>\n\n\n\n<p>CITEC Forschungsbau<br>B\u00fcro: CITEC-2.109<br>Inspiration 1<br>33619 Bielefeld<\/p>\n\n\n\n<h3 class=\"wp-block-heading\">Haftungsausschluss<\/h3>\n\n\n\n<p>Die Inhalte der Seiten des Graduiertenkollegs Data-NInJA wurden mit gr\u00f6\u00dftm\u00f6glicher Sorgfalt erstellt. Dennoch kann keine Gew\u00e4hr f\u00fcr die Aktualit\u00e4t, Richtigkeit, Vollst\u00e4ndigkeit und Qualit\u00e4t der Inhalte \u00fcbernommen werden.&nbsp;<br>Die Webseite enth\u00e4lt Verkn\u00fcpfungen zu Webseiten Dritter (externe Links). Diese Webseiten unterliegen ausschlie\u00dflich der Haftung der jeweiligen Betreiber, so dass die Verantwortlichen des Graduiertenkollegs Data-NInJA und der Universit\u00e4t Bielefeld f\u00fcr diese fremden Inhalte keine Gew\u00e4hr \u00fcbernehmen. Die Verantwortlichen des Graduiertenkollegs Data-NInJA, und der Universit\u00e4t Bielefeld haben keinen Einfluss auf den Inhalt externer Links. Trotz sorgf\u00e4ltiger inhaltlicher Kontrolle zum Zeitpunkt der Verlinkung \u00fcbernehmen wir keine Haftung f\u00fcr die Inhalte externer Links. Sie stellen kein Angebot des Graduiertenkollegs Data-NInJA und der Universit\u00e4t Bielefeld dar. Wir distanzieren uns ausdr\u00fccklich von den Inhalten und machen uns diese in keinster Weise zu Eigen.<\/p>\n\n\n\n<h3 class=\"wp-block-heading\">Urheberrecht<\/h3>\n\n\n\n<p>Die Urheber- und Nutzungsrechte f\u00fcr Texte, Grafiken, Bilder, Design und Quellcode liegen &#8211; soweit nicht anders angegeben \u2013 beim Graduiertenkolleg Data-NInJA. Die Erstellung, Verwendung und Weitergabe von Kopien in elektronischer oder ausgedruckter Form bed\u00fcrfen der Genehmigung. Unber\u00fchrt davon bleibt das &#8220;Kopieren&#8221; der Dateien auf dem eigenen Rechner, um sich die Seiten auf einem Browser anzusehen.<\/p>\n\n\n\n<h3 class=\"wp-block-heading\">Bildnachweis<\/h3>\n\n\n\n<p>Die Bildrechte liegen &#8211; soweit nicht anders vermerkt &#8211; beim Graduiertenkolleg Data-NInJA.<\/p>\n","protected":false},"excerpt":{"rendered":"<p>Impressum Universit\u00e4t BielefeldUniversit\u00e4tsstra\u00dfe 25D-33615 Bielefeld National (0521) 106-00Internat. ++49 521 106-00 Telefax national (0521) 106-5844Telefax internat. ++49 521 106-5844 Vorwahl [&hellip;]<\/p>\n","protected":false},"author":1,"featured_media":0,"parent":0,"menu_order":0,"comment_status":"closed","ping_status":"closed","template":"","meta":{"ub_ctt_via":"","footnotes":""},"featured_image_src":null,"_links":{"self":[{"href":"https:\/\/dataninja.nrw\/index.php?rest_route=\/wp\/v2\/pages\/989"}],"collection":[{"href":"https:\/\/dataninja.nrw\/index.php?rest_route=\/wp\/v2\/pages"}],"about":[{"href":"https:\/\/dataninja.nrw\/index.php?rest_route=\/wp\/v2\/types\/page"}],"author":[{"embeddable":true,"href":"https:\/\/dataninja.nrw\/index.php?rest_route=\/wp\/v2\/users\/1"}],"replies":[{"embeddable":true,"href":"https:\/\/dataninja.nrw\/index.php?rest_route=%2Fwp%2Fv2%2Fcomments&post=989"}],"version-history":[{"count":5,"href":"https:\/\/dataninja.nrw\/index.php?rest_route=\/wp\/v2\/pages\/989\/revisions"}],"predecessor-version":[{"id":2615,"href":"https:\/\/dataninja.nrw\/index.php?rest_route=\/wp\/v2\/pages\/989\/revisions\/2615"}],"wp:attachment":[{"href":"https:\/\/dataninja.nrw\/index.php?rest_route=%2Fwp%2Fv2%2Fmedia&parent=989"}],"curies":[{"name":"wp","href":"https:\/\/api.w.org\/{rel}","templated":true}]}}